{"id":137,"date":"2025-11-23T08:21:31","date_gmt":"2025-11-23T08:21:31","guid":{"rendered":"https:\/\/malmobilkar.eu\/?page_id=137"},"modified":"2026-02-26T08:43:25","modified_gmt":"2026-02-26T08:43:25","slug":"home","status":"publish","type":"page","link":"https:\/\/malmobilkar.eu\/","title":{"rendered":"Malm\u00f6 Bilk\u00e5r"},"content":{"rendered":"\n<figure class=\"wp-block-image size-large\"><img loading=\"lazy\" decoding=\"async\" width=\"1024\" height=\"287\" src=\"https:\/\/malmobilkar.eu\/wp-content\/uploads\/2025\/10\/cropped-Malmo-head-1024x287.jpg\" alt=\"\" class=\"wp-image-133\" srcset=\"https:\/\/malmobilkar.eu\/wp-content\/uploads\/2025\/10\/cropped-Malmo-head-1024x287.jpg 1024w, https:\/\/malmobilkar.eu\/wp-content\/uploads\/2025\/10\/cropped-Malmo-head-300x84.jpg 300w, https:\/\/malmobilkar.eu\/wp-content\/uploads\/2025\/10\/cropped-Malmo-head-768x216.jpg 768w, https:\/\/malmobilkar.eu\/wp-content\/uploads\/2025\/10\/cropped-Malmo-head-1536x431.jpg 1536w, https:\/\/malmobilkar.eu\/wp-content\/uploads\/2025\/10\/cropped-Malmo-head.jpg 1920w\" sizes=\"auto, (max-width: 1024px) 100vw, 1024px\" \/><\/figure>\n\n\n\n<p><strong>Vad har vi p\u00e5 g\u00e5ng<\/strong>&#8230;<\/p>\n\n\n\n<hr class=\"wp-block-separator has-alpha-channel-opacity\"\/>\n\n\n\n<div class=\"wp-block-group\"><div class=\"wp-block-group__inner-container is-layout-constrained wp-block-group-is-layout-constrained\">\n<p><\/p>\n\n\n\n<div class=\"wp-block-group\"><div class=\"wp-block-group__inner-container is-layout-constrained wp-block-group-is-layout-constrained\">\n<div class=\"wp-block-group\"><div class=\"wp-block-group__inner-container is-layout-constrained wp-block-group-is-layout-constrained\">\n<p><strong>\u00c5rsm\u00f6te 2026-03-12 Kl 18:30<\/strong><\/p>\n\n\n\n<p>\u00c4r du intresserad att hj\u00e4lpa till i styrelsearbetet eller arbeta i valberedningen s\u00e5 h\u00f6r av er till&nbsp;<a href=\"mailto:Johan.Olsson@bilkaren.se\">Johan.Olsson@bilkaren.se<\/a><\/p>\n\n\n\n<p><a href=\"https:\/\/malmobilkar.eu\/index.php\/arsmote-2026\/\" data-type=\"page\" data-id=\"140\">L\u00e4nk till handlingarna<\/a><\/p>\n<\/div><\/div>\n<\/div><\/div>\n<\/div><\/div>\n\n\n\n<hr class=\"wp-block-separator has-alpha-channel-opacity\"\/>\n\n\n\n<div class=\"wp-block-group is-nowrap is-layout-flex wp-container-core-group-is-layout-ad2f72ca wp-block-group-is-layout-flex\">\n<figure class=\"wp-block-image size-large is-resized\"><img loading=\"lazy\" decoding=\"async\" width=\"1024\" height=\"620\" src=\"https:\/\/malmobilkar.eu\/wp-content\/uploads\/2025\/10\/pexels-photo-356079-1024x620.jpeg\" alt=\"\" class=\"wp-image-59\" style=\"aspect-ratio:1.6516456902370271;width:195px;height:auto\" srcset=\"https:\/\/malmobilkar.eu\/wp-content\/uploads\/2025\/10\/pexels-photo-356079-1024x620.jpeg 1024w, https:\/\/malmobilkar.eu\/wp-content\/uploads\/2025\/10\/pexels-photo-356079-300x182.jpeg 300w, https:\/\/malmobilkar.eu\/wp-content\/uploads\/2025\/10\/pexels-photo-356079-768x465.jpeg 768w, https:\/\/malmobilkar.eu\/wp-content\/uploads\/2025\/10\/pexels-photo-356079.jpeg 1487w\" sizes=\"auto, (max-width: 1024px) 100vw, 1024px\" \/><\/figure>\n\n\n\n<p><strong>Trafik Quiz<\/strong><br>Vad med p\u00e5 bilk\u00e5rens stora quiz d\u00e4r vi t\u00e4vlar emot andra bilk\u00e5rer i hela landet. Inbjudan kommer. Vi k\u00f6r den 2026-03-26, inbjudan kommer l\u00e4ngre fram<br><\/p>\n<\/div>\n\n\n\n<hr class=\"wp-block-separator has-alpha-channel-opacity\"\/>\n\n\n<div class=\"wp-block-image is-style-rounded\">\n<figure class=\"aligncenter size-full is-resized\"><img loading=\"lazy\" decoding=\"async\" width=\"414\" height=\"122\" src=\"https:\/\/malmobilkar.eu\/wp-content\/uploads\/2026\/01\/Blodomloppet01.png\" alt=\"\" class=\"wp-image-212\" style=\"width:284px;height:auto\" srcset=\"https:\/\/malmobilkar.eu\/wp-content\/uploads\/2026\/01\/Blodomloppet01.png 414w, https:\/\/malmobilkar.eu\/wp-content\/uploads\/2026\/01\/Blodomloppet01-300x88.png 300w\" sizes=\"auto, (max-width: 414px) 100vw, 414px\" \/><\/figure>\n<\/div>\n\n\n<div class=\"wp-block-group is-nowrap is-layout-flex wp-container-core-group-is-layout-ad2f72ca wp-block-group-is-layout-flex\">\n<p><strong>Blodomloppet<\/strong><br>Den 2026-05-18 \u00e4r det dags f\u00f6r oss att komma ut och r\u00f6ra lite p\u00e5 oss. K\u00e5ren bjuder p\u00e5 anm\u00e4lningsavgiften till loppen, d\u00e4r vi g\u00e5r eller springer.<br><\/p>\n<\/div>\n\n\n\n<hr class=\"wp-block-separator has-alpha-channel-opacity\"\/>\n\n\n\n<div class=\"wp-block-group is-layout-grid wp-container-core-group-is-layout-9649a0d9 wp-block-group-is-layout-grid\">\n<figure class=\"wp-block-image size-large wp-container-content-69bc4bdf\"><img loading=\"lazy\" decoding=\"async\" width=\"683\" height=\"1024\" src=\"https:\/\/malmobilkar.eu\/wp-content\/uploads\/2025\/10\/pexels-4247770-683x1024.jpeg\" alt=\"Crop female wearing casual clothes standing while packing carton boxes with scotch tape in modern apartment during preparing for relocation\" class=\"wp-image-90\" srcset=\"https:\/\/malmobilkar.eu\/wp-content\/uploads\/2025\/10\/pexels-4247770-683x1024.jpeg 683w, https:\/\/malmobilkar.eu\/wp-content\/uploads\/2025\/10\/pexels-4247770-200x300.jpeg 200w, https:\/\/malmobilkar.eu\/wp-content\/uploads\/2025\/10\/pexels-4247770-768x1152.jpeg 768w, https:\/\/malmobilkar.eu\/wp-content\/uploads\/2025\/10\/pexels-4247770-720x1080.jpeg 720w, https:\/\/malmobilkar.eu\/wp-content\/uploads\/2025\/10\/pexels-4247770.jpeg 800w\" sizes=\"auto, (max-width: 683px) 100vw, 683px\" \/><\/figure>\n\n\n\n<p class=\"wp-container-content-e29552f7\"><strong>L\u00e4mna k\u00e5rlokalen p\u00e5 Husie<br><\/strong>F\u00f6rsvarsmakten har antytt att vi kommer i en framtid att beh\u00f6va l\u00e4mna Husie. Men detta bed\u00f6ms ligga 2028-2030.<br>Men inga konkreta beslut finns. Det skrivs en \u00f6verenskommelse om v\u00e5ra lokaler mellan k\u00e5ren och f\u00f6rsvarsmakten en g\u00e5ng om \u00e5ret. Styrelsen arbetar aktivt med fr\u00e5gan. Det som har h\u00e4nt \u00e4r att vi har f\u00e5tt l\u00e4mna v\u00e5rt lilla kansli. Dok f\u00e5r vi ha kvar v\u00e5rt f\u00f6rr\u00e5d och tillg\u00e5ng att l\u00e5na lokaler p\u00e5 omr\u00e5det.<\/p>\n<\/div>\n\n\n\n<hr class=\"wp-block-separator has-alpha-channel-opacity\"\/>\n\n\n\n<div class=\"wp-block-group is-layout-grid wp-container-core-group-is-layout-9649a0d9 wp-block-group-is-layout-grid\">\n<figure class=\"wp-block-image size-large\"><img loading=\"lazy\" decoding=\"async\" width=\"768\" height=\"1024\" src=\"https:\/\/malmobilkar.eu\/wp-content\/uploads\/2025\/10\/pexels-1805053-768x1024.jpeg\" alt=\"Vintage red car parked on a forest road surrounded by lush greenery.\" class=\"wp-image-93\" srcset=\"https:\/\/malmobilkar.eu\/wp-content\/uploads\/2025\/10\/pexels-1805053-768x1024.jpeg 768w, https:\/\/malmobilkar.eu\/wp-content\/uploads\/2025\/10\/pexels-1805053-225x300.jpeg 225w, https:\/\/malmobilkar.eu\/wp-content\/uploads\/2025\/10\/pexels-1805053-810x1080.jpeg 810w, https:\/\/malmobilkar.eu\/wp-content\/uploads\/2025\/10\/pexels-1805053.jpeg 900w\" sizes=\"auto, (max-width: 768px) 100vw, 768px\" \/><\/figure>\n\n\n\n<p class=\"wp-container-content-e29552f7\"><strong>Bilorientering planeras h\u00f6sten 2026<\/strong><br>Vi tar v\u00e5ra bilar och med hj\u00e4lpa av notor, ska en runda utanf\u00f6r Malm\u00f6s vanliga stora v\u00e4gar k\u00f6ras. Under f\u00e4rden ska sm\u00e5 uppgifter l\u00f6sas.<\/p>\n<\/div>\n","protected":false},"excerpt":{"rendered":"<p>Vad har vi p\u00e5 g\u00e5ng&#8230; \u00c5rsm\u00f6te 2026-03-12 Kl 18:30 \u00c4r du intresserad att hj\u00e4lpa till i styrelsearbetet eller arbeta i valberedningen s\u00e5 h\u00f6r av er till&nbsp;Johan.Olsson@bilkaren.se L\u00e4nk till handlingarna Trafik QuizVad med p\u00e5 bilk\u00e5rens stora quiz d\u00e4r vi t\u00e4vlar emot andra bilk\u00e5rer i hela landet. Inbjudan kommer. Vi k\u00f6r den 2026-03-26, inbjudan kommer l\u00e4ngre fram [&hellip;]<\/p>\n","protected":false},"author":1,"featured_media":0,"parent":0,"menu_order":0,"comment_status":"closed","ping_status":"closed","template":"","meta":{"footnotes":""},"class_list":["post-137","page","type-page","status-publish","hentry"],"_links":{"self":[{"href":"https:\/\/malmobilkar.eu\/index.php\/wp-json\/wp\/v2\/pages\/137","targetHints":{"allow":["GET"]}}],"collection":[{"href":"https:\/\/malmobilkar.eu\/index.php\/wp-json\/wp\/v2\/pages"}],"about":[{"href":"https:\/\/malmobilkar.eu\/index.php\/wp-json\/wp\/v2\/types\/page"}],"author":[{"embeddable":true,"href":"https:\/\/malmobilkar.eu\/index.php\/wp-json\/wp\/v2\/users\/1"}],"replies":[{"embeddable":true,"href":"https:\/\/malmobilkar.eu\/index.php\/wp-json\/wp\/v2\/comments?post=137"}],"version-history":[{"count":25,"href":"https:\/\/malmobilkar.eu\/index.php\/wp-json\/wp\/v2\/pages\/137\/revisions"}],"predecessor-version":[{"id":236,"href":"https:\/\/malmobilkar.eu\/index.php\/wp-json\/wp\/v2\/pages\/137\/revisions\/236"}],"wp:attachment":[{"href":"https:\/\/malmobilkar.eu\/index.php\/wp-json\/wp\/v2\/media?parent=137"}],"curies":[{"name":"wp","href":"https:\/\/api.w.org\/{rel}","templated":true}]}}